{"id":1088,"date":"2024-10-24T14:55:04","date_gmt":"2024-10-24T14:55:04","guid":{"rendered":"https:\/\/www.entitesante2.ca\/fls-cop\/?page_id=1088"},"modified":"2024-10-24T23:39:05","modified_gmt":"2024-10-24T23:39:05","slug":"devenez-membre-de-la-communaute-de-pratique-des-services-en-francais-cdp-des-sef","status":"publish","type":"page","link":"https:\/\/www.entitesante2.ca\/fls-cop\/devenez-membre-de-la-communaute-de-pratique-des-services-en-francais-cdp-des-sef\/","title":{"rendered":"Devenez membre de la communaut\u00e9 de pratique des services en fran\u00e7ais"},"content":{"rendered":"<p><a href=\"http:\/\/eepurl.com\/gLjopL\" target=\"_blank\" rel=\"noopener\"><img loading=\"lazy\" decoding=\"async\" class=\"alignnone wp-image-1098\" src=\"https:\/\/www.entitesante2.ca\/fls-cop\/wp-content\/uploads\/2024\/10\/Copy-of-CdPs-logos-300x113.png\" alt=\"\" width=\"446\" height=\"168\" srcset=\"https:\/\/www.entitesante2.ca\/fls-cop\/wp-content\/uploads\/2024\/10\/Copy-of-CdPs-logos-300x113.png 300w, https:\/\/www.entitesante2.ca\/fls-cop\/wp-content\/uploads\/2024\/10\/Copy-of-CdPs-logos-768x290.png 768w, https:\/\/www.entitesante2.ca\/fls-cop\/wp-content\/uploads\/2024\/10\/Copy-of-CdPs-logos.png 817w\" sizes=\"auto, (max-width: 446px) 100vw, 446px\" \/><\/a><\/p>\n<p>&nbsp;<\/p>\n<p style=\"font-weight: 400;\"><strong>Pourquoi rejoindre la Communaut\u00e9 de Pratique?<\/strong><\/p>\n<p>&nbsp;<\/p>\n<p style=\"font-weight: 400;\">En tant que membre appr\u00e9ci\u00e9 de la CdP des FSS pour les services en fran\u00e7ais, vous b\u00e9n\u00e9ficierez de :<\/p>\n<p style=\"font-weight: 400;\">&#8211; Un acc\u00e8s exclusif aux derni\u00e8res ressources et mises \u00e0 jour sur les services en fran\u00e7ais.<\/p>\n<p style=\"font-weight: 400;\">&#8211; Des invitations \u00e0 des \u00e9v\u00e9nements, webinaires et activit\u00e9s sp\u00e9cialement con\u00e7us pour faire avancer les services en fran\u00e7ais.<\/p>\n<p style=\"font-weight: 400;\">&#8211; Des opportunit\u00e9s de vous connecter et d\u2019apprendre avec d&#8217;autres fournisseurs de soins de sant\u00e9 d\u00e9vou\u00e9s \u00e0 l\u2019am\u00e9lioration des services en fran\u00e7ais dans nos r\u00e9gions.<\/p>\n<p style=\"font-weight: 400;\">Nous comprenons que votre temps est pr\u00e9cieux ! C\u2019est pourquoi nous concentrons nos communications sur les mises \u00e0 jour essentielles et des opportunit\u00e9s significatives.<\/p>\n<p>&nbsp;<\/p>\n<p style=\"font-weight: 400;\"><strong>Pr\u00eat \u00e0 faire une diff\u00e9rence?<\/strong><\/p>\n<p style=\"font-weight: 400;\"><a href=\"http:\/\/eepurl.com\/gLjopL\" target=\"_blank\" rel=\"noopener\">Rejoignez la CdP d\u00e8s aujourd&#8217;hui<\/a> et faites partie d&#8217;une communaut\u00e9 engag\u00e9e \u00e0 am\u00e9liorer les services en fran\u00e7ais dans la r\u00e9gion de l&#8217;Ouest de l&#8217;Ontario.<\/p>\n<p>&nbsp;<\/p>\n<p><a href=\"http:\/\/eepurl.com\/gLjopL\" target=\"_blank\" rel=\"noopener\"><img loading=\"lazy\" decoding=\"async\" class=\"alignnone wp-image-1094\" src=\"https:\/\/www.entitesante2.ca\/fls-cop\/wp-content\/uploads\/2024\/10\/Copy-of-CdPs-logos-1-300x300.png\" alt=\"\" width=\"322\" height=\"322\" \/><\/a><\/p>\n<p>&nbsp;<\/p>\n","protected":false},"excerpt":{"rendered":"<p>&nbsp; Pourquoi rejoindre la Communaut\u00e9 de Pratique? &nbsp; En tant que membre appr\u00e9ci\u00e9 de la CdP des FSS pour les services en fran\u00e7ais, vous b\u00e9n\u00e9ficierez de : &#8211; Un acc\u00e8s exclusif aux derni\u00e8res ressources et mises \u00e0 jour sur les services en fran\u00e7ais. &#8211; Des invitations \u00e0 des \u00e9v\u00e9nements, webinaires et activit\u00e9s sp\u00e9cialement con\u00e7us pour [&hellip;]<\/p>\n","protected":false},"author":4,"featured_media":0,"parent":0,"menu_order":0,"comment_status":"closed","ping_status":"closed","template":"","meta":{"_monsterinsights_skip_tracking":false,"_monsterinsights_sitenote_active":false,"_monsterinsights_sitenote_note":"","_monsterinsights_sitenote_category":0,"footnotes":""},"class_list":["post-1088","page","type-page","status-publish","hentry"],"_links":{"self":[{"href":"https:\/\/www.entitesante2.ca\/fls-cop\/wp-json\/wp\/v2\/pages\/1088","targetHints":{"allow":["GET"]}}],"collection":[{"href":"https:\/\/www.entitesante2.ca\/fls-cop\/wp-json\/wp\/v2\/pages"}],"about":[{"href":"https:\/\/www.entitesante2.ca\/fls-cop\/wp-json\/wp\/v2\/types\/page"}],"author":[{"embeddable":true,"href":"https:\/\/www.entitesante2.ca\/fls-cop\/wp-json\/wp\/v2\/users\/4"}],"replies":[{"embeddable":true,"href":"https:\/\/www.entitesante2.ca\/fls-cop\/wp-json\/wp\/v2\/comments?post=1088"}],"version-history":[{"count":12,"href":"https:\/\/www.entitesante2.ca\/fls-cop\/wp-json\/wp\/v2\/pages\/1088\/revisions"}],"predecessor-version":[{"id":1119,"href":"https:\/\/www.entitesante2.ca\/fls-cop\/wp-json\/wp\/v2\/pages\/1088\/revisions\/1119"}],"wp:attachment":[{"href":"https:\/\/www.entitesante2.ca\/fls-cop\/wp-json\/wp\/v2\/media?parent=1088"}],"curies":[{"name":"wp","href":"https:\/\/api.w.org\/{rel}","templated":true}]}}